{"id":27,"date":"2025-05-08T16:12:08","date_gmt":"2025-05-08T14:12:08","guid":{"rendered":"https:\/\/nord.humanwirtschaftspartei.de\/?page_id=27"},"modified":"2025-05-23T20:35:17","modified_gmt":"2025-05-23T18:35:17","slug":"sachsen-anhalt","status":"publish","type":"page","link":"https:\/\/nord.humanwirtschaftspartei.de\/?page_id=27","title":{"rendered":"Sachsen-Anhalt"},"content":{"rendered":"<div class=\"wp-block-image\">\n<figure class=\"aligncenter size-medium\"><img loading=\"lazy\" decoding=\"async\" width=\"300\" height=\"300\" src=\"https:\/\/nord.humanwirtschaftspartei.de\/wp-content\/uploads\/2025\/05\/wap-sa-300x300.jpg\" alt=\"\" class=\"wp-image-22074\" srcset=\"https:\/\/nord.humanwirtschaftspartei.de\/wp-content\/uploads\/2025\/05\/wap-sa-300x300.jpg 300w, https:\/\/nord.humanwirtschaftspartei.de\/wp-content\/uploads\/2025\/05\/wap-sa-1024x1024.jpg 1024w, https:\/\/nord.humanwirtschaftspartei.de\/wp-content\/uploads\/2025\/05\/wap-sa-150x150.jpg 150w, https:\/\/nord.humanwirtschaftspartei.de\/wp-content\/uploads\/2025\/05\/wap-sa-768x768.jpg 768w, https:\/\/nord.humanwirtschaftspartei.de\/wp-content\/uploads\/2025\/05\/wap-sa-1536x1536.jpg 1536w, https:\/\/nord.humanwirtschaftspartei.de\/wp-content\/uploads\/2025\/05\/wap-sa-2048x2048.jpg 2048w, https:\/\/nord.humanwirtschaftspartei.de\/wp-content\/uploads\/2025\/05\/wap-sa-1320x1320.jpg 1320w, https:\/\/nord.humanwirtschaftspartei.de\/wp-content\/uploads\/2025\/05\/wap-sa-250x250.jpg 250w\" sizes=\"auto, (max-width: 300px) 100vw, 300px\" \/><\/figure>\n<\/div>\n\n\n<p>Haben Sie schon einmal vom Goldenen Zeitalter geh\u00f6rt? Ja? Aber k\u00f6nnen sie es auch zeitgeschichtlich einordnen? Nein? Irgend wann Fr\u00fcher, sehr viel Fr\u00fcher?<br>Das, was uns die Sage als Goldenes Zeitalter vermittelt ist historisch im Zeitalter der Gotik zu finden.<br>Um 1150 \u201cerfand\u201d der Magdeburger Erzbischof Wichmann auf der Grundlage der \u201cRenovatio Monetarum\u201d Karls des Gro\u00dfen das Brakteatengeld. Ein Geld, welches mehrmals im Jahr erneuert wurde.<br>Der dadurch ausgel\u00f6ste rasche Umlauf l\u00f6ste einen wirtschaftlichen Boom aus. Fast alle unsere St\u00e4dte sind in dieser Zeit entstanden. Es war eine Zeit, wo sich Leistung wirklich lohnte, und das bei einer 5-Tage Arbeitswoche mit ca. 30 Stunden w\u00f6chentliche Arbeitzeit.<br>Schaffen Sie mit uns gemeinsam die Grundlagen f\u00fcr eine menschliche Marktwirtschaft, welche wir HUMANwirtschaft nennen, auf welcher wir ein neues \u201cGoldenen Zeitalters\u201d aufzubauen in der Lage sind.<\/p>\n\n\n\n<p><\/p>\n\n\n<ul class=\"wp-block-latest-posts__list has-dates has-author wp-block-latest-posts\"><li><a class=\"wp-block-latest-posts__post-title\" href=\"https:\/\/nord.humanwirtschaftspartei.de\/?p=22320\">Frieden soll werden &#8211; Frieden auf Erden<\/a><div class=\"wp-block-latest-posts__post-author\">von Web Master<\/div><time datetime=\"2026-01-30T09:37:50+01:00\" class=\"wp-block-latest-posts__post-date\">30. Januar 2026<\/time><div class=\"wp-block-latest-posts__post-excerpt\">Hier kommt eine nach Bundesl\u00e4ndern sortierte \u00dcbersicht aller nachweisbaren Friedensdemos, Mahnwachen und Friedensgebete im Februar 2026 Viele Gruppen aktualisieren ihre Kalender erst kurzfristig. \ud83d\udd4a\ufe0f Friedensaktionen &hellip; <\/div><\/li>\n<li><a class=\"wp-block-latest-posts__post-title\" href=\"https:\/\/nord.humanwirtschaftspartei.de\/?p=21814\">Flugblattverteilung in der Iltener Freie<\/a><div class=\"wp-block-latest-posts__post-author\">von Redaktion Nord<\/div><time datetime=\"2024-08-28T07:56:11+02:00\" class=\"wp-block-latest-posts__post-date\">28. August 2024<\/time><div class=\"wp-block-latest-posts__post-excerpt\">Um nach l\u00e4ngerer Zeit einmal wieder im Raum Hannover auf sich aufmerksam zu machen, wurden in der historischen Iltener Freie, auch als Gro\u00dfes Freies bezeichnet, &hellip; <\/div><\/li>\n<li><a class=\"wp-block-latest-posts__post-title\" href=\"https:\/\/nord.humanwirtschaftspartei.de\/?p=21199\">Gem\u00fctliches Beisammensein in Hamburg<\/a><div class=\"wp-block-latest-posts__post-author\">von Redaktion Nord<\/div><time datetime=\"2023-12-29T10:37:13+01:00\" class=\"wp-block-latest-posts__post-date\">29. Dezember 2023<\/time><div class=\"wp-block-latest-posts__post-excerpt\">Am 11. November 2023 trafen sich Mitglieder der Humanwirtschaftspartei aus Hamburg und Sachsen-Anhalt zu selbstgebackenen Kuchen mit Kaffee und Tee in Hamburg &#8211; Bahrenfeld. Der &hellip; <\/div><\/li>\n<\/ul>","protected":false},"excerpt":{"rendered":"<p>Haben Sie schon einmal vom Goldenen Zeitalter geh\u00f6rt? Ja? Aber k\u00f6nnen sie es auch zeitgeschichtlich einordnen? Nein? Irgend wann Fr\u00fcher, sehr viel Fr\u00fcher?Das, was uns &hellip; <\/p>\n","protected":false},"author":5,"featured_media":0,"parent":25,"menu_order":2,"comment_status":"closed","ping_status":"closed","template":"","meta":{"rop_custom_images_group":[],"rop_custom_messages_group":[],"rop_publish_now":"initial","rop_publish_now_accounts":{"facebook_122115628364863413_100366425223093":""},"rop_publish_now_history":[],"rop_publish_now_status":"pending","footnotes":""},"class_list":["post-27","page","type-page","status-publish","hentry"],"_links":{"self":[{"href":"https:\/\/nord.humanwirtschaftspartei.de\/index.php?rest_route=\/wp\/v2\/pages\/27","targetHints":{"allow":["GET"]}}],"collection":[{"href":"https:\/\/nord.humanwirtschaftspartei.de\/index.php?rest_route=\/wp\/v2\/pages"}],"about":[{"href":"https:\/\/nord.humanwirtschaftspartei.de\/index.php?rest_route=\/wp\/v2\/types\/page"}],"author":[{"embeddable":true,"href":"https:\/\/nord.humanwirtschaftspartei.de\/index.php?rest_route=\/wp\/v2\/users\/5"}],"replies":[{"embeddable":true,"href":"https:\/\/nord.humanwirtschaftspartei.de\/index.php?rest_route=%2Fwp%2Fv2%2Fcomments&post=27"}],"version-history":[{"count":5,"href":"https:\/\/nord.humanwirtschaftspartei.de\/index.php?rest_route=\/wp\/v2\/pages\/27\/revisions"}],"predecessor-version":[{"id":22077,"href":"https:\/\/nord.humanwirtschaftspartei.de\/index.php?rest_route=\/wp\/v2\/pages\/27\/revisions\/22077"}],"up":[{"embeddable":true,"href":"https:\/\/nord.humanwirtschaftspartei.de\/index.php?rest_route=\/wp\/v2\/pages\/25"}],"wp:attachment":[{"href":"https:\/\/nord.humanwirtschaftspartei.de\/index.php?rest_route=%2Fwp%2Fv2%2Fmedia&parent=27"}],"curies":[{"name":"wp","href":"https:\/\/api.w.org\/{rel}","templated":true}]}}