{"id":22004,"date":"2025-05-15T16:57:58","date_gmt":"2025-05-15T14:57:58","guid":{"rendered":"https:\/\/nord.humanwirtschaftspartei.de\/?page_id=22004"},"modified":"2025-05-23T16:30:27","modified_gmt":"2025-05-23T14:30:27","slug":"kontakt","status":"publish","type":"page","link":"https:\/\/nord.humanwirtschaftspartei.de\/?page_id=22004","title":{"rendered":"Kontakt zur Humanwirtschaftspartei Nord"},"content":{"rendered":"\n<p>Interesse an der Nat\u00fcrlichen Wirtschaftsordnung (NWO) zur \u00dcberwindung der sozialen Spaltung, hin zu mehr Stabilit\u00e4t, Freiheit und einem schonenderen Umgang mit unserer Umwelt? Nehmen sie Kontakt mit uns auf!<br>Bitte hinterlassen sie im Kommentarfeld einfach ihre Kontaktdaten und, sofern Sie m\u00f6gen, einige Angaben zu ihrer Person<br>oder schreiben Sie uns eine E-Post an nord@humanwirtschaftspartei.de.<br>Wir freuen uns auf Sie!<\/p>\n\n\n\t<div id=\"respond\" class=\"comment-respond wp-block-post-comments-form\">\n\t\t<h3 id=\"reply-title\" class=\"comment-reply-title\">Schreiben Sie einen Kommentar <small><a rel=\"nofollow\" id=\"cancel-comment-reply-link\" href=\"\/index.php?rest_route=%2Fwp%2Fv2%2Fpages%2F22004#respond\" style=\"display:none;\">Antwort abbrechen<\/a><\/small><\/h3><form action=\"https:\/\/nord.humanwirtschaftspartei.de\/wp-comments-post.php\" method=\"post\" id=\"commentform\" class=\"comment-form\"><p class=\"comment-notes\"><span id=\"email-notes\">Ihre E-Mail-Adresse wird nicht ver\u00f6ffentlicht.<\/span> <span class=\"required-field-message\">Erforderliche Felder sind mit <span class=\"required\">*<\/span> markiert<\/span><\/p><p class=\"comment-form-comment\"><label for=\"comment\">Kommentar <span class=\"required\">*<\/span><\/label> <textarea id=\"comment\" name=\"comment\" cols=\"45\" rows=\"8\" maxlength=\"65525\" required><\/textarea><\/p><p class=\"comment-form-author\"><label for=\"author\">Name<\/label> <input id=\"author\" name=\"author\" type=\"text\" value=\"\" size=\"30\" maxlength=\"245\" autocomplete=\"name\" \/><\/p>\n<p class=\"comment-form-email\"><label for=\"email\">E-Mail-Adresse<\/label> <input id=\"email\" name=\"email\" type=\"email\" value=\"\" size=\"30\" maxlength=\"100\" aria-describedby=\"email-notes\" autocomplete=\"email\" \/><\/p>\n<p class=\"comment-form-url\"><label for=\"url\">Website<\/label> <input id=\"url\" name=\"url\" type=\"url\" value=\"\" size=\"30\" maxlength=\"200\" autocomplete=\"url\" \/><\/p>\n<p class=\"comment-form-cookies-consent\"><input id=\"wp-comment-cookies-consent\" name=\"wp-comment-cookies-consent\" type=\"checkbox\" value=\"yes\" \/> <label for=\"wp-comment-cookies-consent\">Meinen Namen, meine E-Mail-Adresse und meine Website in diesem Browser f\u00fcr die n\u00e4chste Kommentierung speichern.<\/label><\/p>\n<p class=\"comment-form-mailpoet\">\n      <label for=\"mailpoet_subscribe_on_comment\">\n        <input\n          type=\"checkbox\"\n          id=\"mailpoet_subscribe_on_comment\"\n          value=\"1\"\n          name=\"mailpoet[subscribe_on_comment]\"\n        \/>&nbsp;Ja, f\u00fcge mich zu der Mailingliste hinzu!\n      <\/label>\n    <\/p><p class=\"form-submit\"><input name=\"submit\" type=\"submit\" id=\"submit\" class=\"submit\" value=\"Kommentar abschicken\" \/> <input type='hidden' name='comment_post_ID' value='22004' id='comment_post_ID' \/>\n<input type='hidden' name='comment_parent' id='comment_parent' value='0' \/>\n<\/p><\/form>\t<\/div><!-- #respond -->\n\t","protected":false},"excerpt":{"rendered":"<p>Interesse an der Nat\u00fcrlichen Wirtschaftsordnung (NWO) zur \u00dcberwindung der sozialen Spaltung, hin zu mehr Stabilit\u00e4t, Freiheit und einem schonenderen Umgang mit unserer Umwelt? Nehmen sie &hellip; <\/p>\n","protected":false},"author":4,"featured_media":0,"parent":21821,"menu_order":0,"comment_status":"open","ping_status":"closed","template":"","meta":{"rop_custom_images_group":[],"rop_custom_messages_group":[],"rop_publish_now":"initial","rop_publish_now_accounts":{"facebook_122115628364863413_100366425223093":""},"rop_publish_now_history":[],"rop_publish_now_status":"pending","footnotes":""},"class_list":["post-22004","page","type-page","status-publish","hentry"],"_links":{"self":[{"href":"https:\/\/nord.humanwirtschaftspartei.de\/index.php?rest_route=\/wp\/v2\/pages\/22004","targetHints":{"allow":["GET"]}}],"collection":[{"href":"https:\/\/nord.humanwirtschaftspartei.de\/index.php?rest_route=\/wp\/v2\/pages"}],"about":[{"href":"https:\/\/nord.humanwirtschaftspartei.de\/index.php?rest_route=\/wp\/v2\/types\/page"}],"author":[{"embeddable":true,"href":"https:\/\/nord.humanwirtschaftspartei.de\/index.php?rest_route=\/wp\/v2\/users\/4"}],"replies":[{"embeddable":true,"href":"https:\/\/nord.humanwirtschaftspartei.de\/index.php?rest_route=%2Fwp%2Fv2%2Fcomments&post=22004"}],"version-history":[{"count":6,"href":"https:\/\/nord.humanwirtschaftspartei.de\/index.php?rest_route=\/wp\/v2\/pages\/22004\/revisions"}],"predecessor-version":[{"id":22067,"href":"https:\/\/nord.humanwirtschaftspartei.de\/index.php?rest_route=\/wp\/v2\/pages\/22004\/revisions\/22067"}],"up":[{"embeddable":true,"href":"https:\/\/nord.humanwirtschaftspartei.de\/index.php?rest_route=\/wp\/v2\/pages\/21821"}],"wp:attachment":[{"href":"https:\/\/nord.humanwirtschaftspartei.de\/index.php?rest_route=%2Fwp%2Fv2%2Fmedia&parent=22004"}],"curies":[{"name":"wp","href":"https:\/\/api.w.org\/{rel}","templated":true}]}}