{"id":21948,"date":"2025-05-15T09:17:35","date_gmt":"2025-05-15T07:17:35","guid":{"rendered":"https:\/\/nord.humanwirtschaftspartei.de\/?page_id=21948"},"modified":"2025-05-23T20:36:50","modified_gmt":"2025-05-23T18:36:50","slug":"schleswig-holstein","status":"publish","type":"page","link":"https:\/\/nord.humanwirtschaftspartei.de\/?page_id=21948","title":{"rendered":"Schleswig-Holstein"},"content":{"rendered":"<div class=\"wp-block-image\">\n<figure class=\"aligncenter size-medium\"><img loading=\"lazy\" decoding=\"async\" width=\"300\" height=\"300\" src=\"https:\/\/nord.humanwirtschaftspartei.de\/wp-content\/uploads\/2025\/05\/wap-sh-300x300.jpg\" alt=\"\" class=\"wp-image-22075\" srcset=\"https:\/\/nord.humanwirtschaftspartei.de\/wp-content\/uploads\/2025\/05\/wap-sh-300x300.jpg 300w, https:\/\/nord.humanwirtschaftspartei.de\/wp-content\/uploads\/2025\/05\/wap-sh-1024x1024.jpg 1024w, https:\/\/nord.humanwirtschaftspartei.de\/wp-content\/uploads\/2025\/05\/wap-sh-150x150.jpg 150w, https:\/\/nord.humanwirtschaftspartei.de\/wp-content\/uploads\/2025\/05\/wap-sh-768x768.jpg 768w, https:\/\/nord.humanwirtschaftspartei.de\/wp-content\/uploads\/2025\/05\/wap-sh-1536x1536.jpg 1536w, https:\/\/nord.humanwirtschaftspartei.de\/wp-content\/uploads\/2025\/05\/wap-sh-2048x2048.jpg 2048w, https:\/\/nord.humanwirtschaftspartei.de\/wp-content\/uploads\/2025\/05\/wap-sh-1320x1320.jpg 1320w, https:\/\/nord.humanwirtschaftspartei.de\/wp-content\/uploads\/2025\/05\/wap-sh-250x250.jpg 250w\" sizes=\"auto, (max-width: 300px) 100vw, 300px\" \/><\/figure>\n<\/div>\n\n\n<p>Willkommen, bei uns gab es den &#8222;Kannwas&#8220;, doch jetzt wollen wir was: Freiwirtschaft!<\/p>\n\n\n<ul class=\"wp-block-latest-posts__list has-dates has-author wp-block-latest-posts\"><li><a class=\"wp-block-latest-posts__post-title\" href=\"https:\/\/nord.humanwirtschaftspartei.de\/?p=22320\">Frieden soll werden &#8211; Frieden auf Erden<\/a><div class=\"wp-block-latest-posts__post-author\">von Web Master<\/div><time datetime=\"2026-01-30T09:37:50+01:00\" class=\"wp-block-latest-posts__post-date\">30. Januar 2026<\/time><div class=\"wp-block-latest-posts__post-excerpt\">Hier kommt eine nach Bundesl\u00e4ndern sortierte \u00dcbersicht aller nachweisbaren Friedensdemos, Mahnwachen und Friedensgebete im Februar 2026 Viele Gruppen aktualisieren ihre Kalender erst kurzfristig. \ud83d\udd4a\ufe0f Friedensaktionen &hellip; <\/div><\/li>\n<li><a class=\"wp-block-latest-posts__post-title\" href=\"https:\/\/nord.humanwirtschaftspartei.de\/?p=22279\">Infostand und Flugblattverteilungen<\/a><div class=\"wp-block-latest-posts__post-author\">von Redaktion Nord<\/div><time datetime=\"2025-11-14T15:16:46+01:00\" class=\"wp-block-latest-posts__post-date\">14. November 2025<\/time><div class=\"wp-block-latest-posts__post-excerpt\">Nachdem im Juli die Humanwirtschaftspartei Nord das erste Mal ihren Infostand in der Fu\u00dfg\u00e4ngerzone von Geesthacht aufbaute, folgten bis zum Herbst noch zwei weitere Male. &hellip; <\/div><\/li>\n<li><a class=\"wp-block-latest-posts__post-title\" href=\"https:\/\/nord.humanwirtschaftspartei.de\/?p=22193\">1. Ausgabe von &#8222;Frei Sozial Umweltfreundlich&#8220; erschienen; neue T-Hemden fertig; Infostand in Geesthacht &#8230;<\/a><div class=\"wp-block-latest-posts__post-author\">von Redaktion Nord<\/div><time datetime=\"2025-08-05T14:17:51+02:00\" class=\"wp-block-latest-posts__post-date\">5. August 2025<\/time><div class=\"wp-block-latest-posts__post-excerpt\">Im Juli erblickte die erste Ausgabe des kleinen Infoblattes &#8222;Frei Sozial Umweltfreundlich&#8220; der Humanwirtschaftspartei Nord das Licht der Welt. Auf vier Seiten wird kurz die &hellip; <\/div><\/li>\n<li><a class=\"wp-block-latest-posts__post-title\" href=\"https:\/\/nord.humanwirtschaftspartei.de\/?p=22177\">Infostand in Geesthacht (Schleswig-Holstein \/ Kreis Herzogtum Lauenburg)<\/a><div class=\"wp-block-latest-posts__post-author\">von Redaktion Nord<\/div><time datetime=\"2025-07-15T14:07:04+02:00\" class=\"wp-block-latest-posts__post-date\">15. Juli 2025<\/time><div class=\"wp-block-latest-posts__post-excerpt\">Am Freitag den 18. Juli, von 14:00 &#8211; 17:00 Uhr, m\u00f6chte die HUMANWIRTSCHAFTSPARTEI Nord in Geesthacht (Fu\u00dfg\u00e4ngerzone Bergedorfer Str. \/ Ecke Nelkenstr.) f\u00fcr die Partei &hellip; <\/div><\/li>\n<li><a class=\"wp-block-latest-posts__post-title\" href=\"https:\/\/nord.humanwirtschaftspartei.de\/?p=21199\">Gem\u00fctliches Beisammensein in Hamburg<\/a><div class=\"wp-block-latest-posts__post-author\">von Redaktion Nord<\/div><time datetime=\"2023-12-29T10:37:13+01:00\" class=\"wp-block-latest-posts__post-date\">29. Dezember 2023<\/time><div class=\"wp-block-latest-posts__post-excerpt\">Am 11. November 2023 trafen sich Mitglieder der Humanwirtschaftspartei aus Hamburg und Sachsen-Anhalt zu selbstgebackenen Kuchen mit Kaffee und Tee in Hamburg &#8211; Bahrenfeld. Der &hellip; <\/div><\/li>\n<\/ul>","protected":false},"excerpt":{"rendered":"<p>Willkommen, bei uns gab es den &#8222;Kannwas&#8220;, doch jetzt wollen wir was: Freiwirtschaft!<\/p>\n","protected":false},"author":5,"featured_media":0,"parent":25,"menu_order":4,"comment_status":"closed","ping_status":"closed","template":"","meta":{"rop_custom_images_group":[],"rop_custom_messages_group":[],"rop_publish_now":"initial","rop_publish_now_accounts":{"facebook_122115628364863413_100366425223093":""},"rop_publish_now_history":[],"rop_publish_now_status":"pending","footnotes":""},"class_list":["post-21948","page","type-page","status-publish","hentry"],"_links":{"self":[{"href":"https:\/\/nord.humanwirtschaftspartei.de\/index.php?rest_route=\/wp\/v2\/pages\/21948","targetHints":{"allow":["GET"]}}],"collection":[{"href":"https:\/\/nord.humanwirtschaftspartei.de\/index.php?rest_route=\/wp\/v2\/pages"}],"about":[{"href":"https:\/\/nord.humanwirtschaftspartei.de\/index.php?rest_route=\/wp\/v2\/types\/page"}],"author":[{"embeddable":true,"href":"https:\/\/nord.humanwirtschaftspartei.de\/index.php?rest_route=\/wp\/v2\/users\/5"}],"replies":[{"embeddable":true,"href":"https:\/\/nord.humanwirtschaftspartei.de\/index.php?rest_route=%2Fwp%2Fv2%2Fcomments&post=21948"}],"version-history":[{"count":5,"href":"https:\/\/nord.humanwirtschaftspartei.de\/index.php?rest_route=\/wp\/v2\/pages\/21948\/revisions"}],"predecessor-version":[{"id":22199,"href":"https:\/\/nord.humanwirtschaftspartei.de\/index.php?rest_route=\/wp\/v2\/pages\/21948\/revisions\/22199"}],"up":[{"embeddable":true,"href":"https:\/\/nord.humanwirtschaftspartei.de\/index.php?rest_route=\/wp\/v2\/pages\/25"}],"wp:attachment":[{"href":"https:\/\/nord.humanwirtschaftspartei.de\/index.php?rest_route=%2Fwp%2Fv2%2Fmedia&parent=21948"}],"curies":[{"name":"wp","href":"https:\/\/api.w.org\/{rel}","templated":true}]}}