{"id":21821,"date":"2025-05-08T16:55:45","date_gmt":"2025-05-08T14:55:45","guid":{"rendered":"https:\/\/nord.humanwirtschaftspartei.de\/?page_id=21821"},"modified":"2025-05-13T21:25:10","modified_gmt":"2025-05-13T19:25:10","slug":"nord-aktuell","status":"publish","type":"page","link":"https:\/\/nord.humanwirtschaftspartei.de\/?page_id=21821","title":{"rendered":"Nord-Aktuell"},"content":{"rendered":"<ul class=\"wp-block-latest-posts__list is-grid columns-2 has-dates has-author wp-block-latest-posts\"><li><a class=\"wp-block-latest-posts__post-title\" href=\"https:\/\/nord.humanwirtschaftspartei.de\/?p=22352\">Aktuelle Friedensveranstaltungen im Norden<\/a><div class=\"wp-block-latest-posts__post-author\">von Web Master<\/div><time datetime=\"2026-03-28T08:44:00+01:00\" class=\"wp-block-latest-posts__post-date\">28. M\u00e4rz 2026<\/time><div class=\"wp-block-latest-posts__post-excerpt\">Osterm\u00e4rsche und Friedensveranstaltungen 2026 \u2013 Norddeutschland Zeitraum: 3.\u20136. April 2026 (Karfreitag bis Ostermontag) sowie erg\u00e4nzende Aktionen im April\/Mai. Niedersachsen Hannover: Sa, 4. April, 11:00 Uhr &hellip; <\/div><\/li>\n<li><a class=\"wp-block-latest-posts__post-title\" href=\"https:\/\/nord.humanwirtschaftspartei.de\/?p=22344\">Kl\u00f6nschnack in Springe \/ neues Flugblatt<\/a><div class=\"wp-block-latest-posts__post-author\">von Redaktion Nord<\/div><time datetime=\"2026-03-27T10:17:23+01:00\" class=\"wp-block-latest-posts__post-date\">27. M\u00e4rz 2026<\/time><div class=\"wp-block-latest-posts__post-excerpt\">Am 7. M\u00e4rz kamen in der ehemaligen Kreisstadt Springe am Deister im Calenberger Land eine kleine Runde von Freiwirten zu einem Kl\u00f6nschnack mit Kaffee\/Tee und &hellip; <\/div><\/li>\n<li><a class=\"wp-block-latest-posts__post-title\" href=\"https:\/\/nord.humanwirtschaftspartei.de\/?p=22340\">L\u00fcneburger Wochen gegen Rassismus 2026 \u2013 F\u00fcr eine offene Gesellschaft<\/a><div class=\"wp-block-latest-posts__post-author\">von Redaktion Nord<\/div><time datetime=\"2026-03-09T13:55:20+01:00\" class=\"wp-block-latest-posts__post-date\">9. M\u00e4rz 2026<\/time><div class=\"wp-block-latest-posts__post-excerpt\">Im Rahmen der L\u00fcneburger Wochen gegen Rassismus finden vom 09. bis zum 29. M\u00e4rz 2026 in der Salzstadt und Umgebung wieder viele Veranstaltungen, wie z. &hellip; <\/div><\/li>\n<li><a class=\"wp-block-latest-posts__post-title\" href=\"https:\/\/nord.humanwirtschaftspartei.de\/?p=22329\">Nachruf zum Tode von Heinz Schr\u00f6der<\/a><div class=\"wp-block-latest-posts__post-author\">von Redaktion Nord<\/div><time datetime=\"2026-02-17T10:17:53+01:00\" class=\"wp-block-latest-posts__post-date\">17. Februar 2026<\/time><div class=\"wp-block-latest-posts__post-excerpt\">Am 9. Februar gab die Gesch\u00e4ftsstelle der Humanwirtschaftspartei Nord dem am 20. Januar im Alter von 102 Jahren verstorbenen Parteifreund Heinz Schr\u00f6der in Wolfsburg das &hellip; <\/div><\/li>\n<li><a class=\"wp-block-latest-posts__post-title\" href=\"https:\/\/nord.humanwirtschaftspartei.de\/?p=22320\">Frieden soll werden &#8211; Frieden auf Erden<\/a><div class=\"wp-block-latest-posts__post-author\">von Web Master<\/div><time datetime=\"2026-01-30T09:37:50+01:00\" class=\"wp-block-latest-posts__post-date\">30. Januar 2026<\/time><div class=\"wp-block-latest-posts__post-excerpt\">Hier kommt eine nach Bundesl\u00e4ndern sortierte \u00dcbersicht aller nachweisbaren Friedensdemos, Mahnwachen und Friedensgebete im Februar 2026 Viele Gruppen aktualisieren ihre Kalender erst kurzfristig. \ud83d\udd4a\ufe0f Friedensaktionen &hellip; <\/div><\/li>\n<li><a class=\"wp-block-latest-posts__post-title\" href=\"https:\/\/nord.humanwirtschaftspartei.de\/?p=22313\">Adventskaffee in Hamburg<\/a><div class=\"wp-block-latest-posts__post-author\">von Redaktion Nord<\/div><time datetime=\"2026-01-06T10:33:36+01:00\" class=\"wp-block-latest-posts__post-date\">6. Januar 2026<\/time><div class=\"wp-block-latest-posts__post-excerpt\">Im Advent 2025 trafen sich Freiwirte zum allj\u00e4hrlichen gem\u00fctlichen Beisammensein mit Kaffee, Tee, Kuchen und Weihnachtskeksen im Hause Zill in Hamburg. Es gab wieder viele &hellip; <\/div><\/li>\n<li><a class=\"wp-block-latest-posts__post-title\" href=\"https:\/\/nord.humanwirtschaftspartei.de\/?p=22307\">Damals war&#8217;s : &#8222;Sind Sie nicht auch der Meinung?&#8220;<\/a><div class=\"wp-block-latest-posts__post-author\">von Redaktion Nord<\/div><time datetime=\"2025-12-22T14:05:50+01:00\" class=\"wp-block-latest-posts__post-date\">22. Dezember 2025<\/time><div class=\"wp-block-latest-posts__post-excerpt\">Ein k\u00fcrzlich verstorbener erfolgreicher Musiker soll in seinem letzten Willen verf\u00fcgt haben, es d\u00fcrfe kein Rappen seines Geldes zur Unterst\u00fctzung armer Berufskollegen verwendet werden. Der &hellip; <\/div><\/li>\n<li><a class=\"wp-block-latest-posts__post-title\" href=\"https:\/\/nord.humanwirtschaftspartei.de\/?p=22300\">75 Jahre Parteimitgliedschaft<\/a><div class=\"wp-block-latest-posts__post-author\">von Redaktion Nord<\/div><time datetime=\"2025-12-08T14:20:54+01:00\" class=\"wp-block-latest-posts__post-date\">8. Dezember 2025<\/time><div class=\"wp-block-latest-posts__post-excerpt\">J\u00fcngst besuchte die Gesch\u00e4ftsstelle der Humanwirtschaftspartei Nord unseren Parteifreund Heinz Schr\u00f6der in Wolfsburg um ihm zur 75-j\u00e4hrigen Mitgliedschaft in der Humanwirtschaftspartei\/FSU zu gratulieren, nebst \u00dcberreichung &hellip; <\/div><\/li>\n<li><a class=\"wp-block-latest-posts__post-title\" href=\"https:\/\/nord.humanwirtschaftspartei.de\/?p=22294\">Friedensveranstaltungen<\/a><div class=\"wp-block-latest-posts__post-author\">von Web Master<\/div><time datetime=\"2025-11-24T16:15:59+01:00\" class=\"wp-block-latest-posts__post-date\">24. November 2025<\/time><div class=\"wp-block-latest-posts__post-excerpt\">Die folgende Liste ist nur ein kleiner \u00dcberblick an Friedensveranstaltungen in unseren n\u00f6rdlichen Bundes\u00e4ndern. In zahlreichen Orten finden weitere Kundgebungen und Demonstrationen gegen Wehrpflicht und &hellip; <\/div><\/li>\n<li><a class=\"wp-block-latest-posts__post-title\" href=\"https:\/\/nord.humanwirtschaftspartei.de\/?p=22279\">Infostand und Flugblattverteilungen<\/a><div class=\"wp-block-latest-posts__post-author\">von Redaktion Nord<\/div><time datetime=\"2025-11-14T15:16:46+01:00\" class=\"wp-block-latest-posts__post-date\">14. November 2025<\/time><div class=\"wp-block-latest-posts__post-excerpt\">Nachdem im Juli die Humanwirtschaftspartei Nord das erste Mal ihren Infostand in der Fu\u00dfg\u00e4ngerzone von Geesthacht aufbaute, folgten bis zum Herbst noch zwei weitere Male. &hellip; <\/div><\/li>\n<li><a class=\"wp-block-latest-posts__post-title\" href=\"https:\/\/nord.humanwirtschaftspartei.de\/?p=22270\">75 Jahre Humanwirtschaftspartei &#8211; Herzlichen Gl\u00fcckwunsch !<\/a><div class=\"wp-block-latest-posts__post-author\">von Redaktion Nord<\/div><time datetime=\"2025-10-08T09:47:15+02:00\" class=\"wp-block-latest-posts__post-date\">8. Oktober 2025<\/time><div class=\"wp-block-latest-posts__post-excerpt\">Am 9. September 1950 entstand in Bielefeld als Zusammenschlu\u00df der freiwirtschaftlichen Parteien RSF (Radikal-Soziale Freiheitspartei) aus der britischen Zone, der Sozialen Freiheitspartei SF (amerk. Zone) &hellip; <\/div><\/li>\n<li><a class=\"wp-block-latest-posts__post-title\" href=\"https:\/\/nord.humanwirtschaftspartei.de\/?p=22262\">Trauer um Sebastian Kirf<\/a><div class=\"wp-block-latest-posts__post-author\">von Redaktion Nord<\/div><time datetime=\"2025-09-25T09:12:26+02:00\" class=\"wp-block-latest-posts__post-date\">25. September 2025<\/time><div class=\"wp-block-latest-posts__post-excerpt\">Wir wir erst durch Zufall erfahren haben, ist schon im Oktober letzten Jahres unser Parteifreund Sebastian Kirf aus Ostfriesland im Alter von nur 47 Jahren &hellip; <\/div><\/li>\n<li><a class=\"wp-block-latest-posts__post-title\" href=\"https:\/\/nord.humanwirtschaftspartei.de\/?p=22210\">M\u00fcnchner Merkur: &#8222;Weidel verdoppelt sich ihr Gehalt \u2013 wie viel verdient Jens Spahn als Fraktionschef?&#8220;<\/a><div class=\"wp-block-latest-posts__post-author\">von Redaktion Nord<\/div><time datetime=\"2025-08-13T10:19:37+02:00\" class=\"wp-block-latest-posts__post-date\">13. August 2025<\/time><div class=\"wp-block-latest-posts__post-excerpt\">Laut der Tageszeitung hat die Partei- und Fraktionsf\u00fchrung der Alternative f\u00fcr Deutschland (AfD) neben den Di\u00e4ten eine kr\u00e4ftige Erh\u00f6hung der Aufwandsentsch\u00e4digung in H\u00f6he von 12.000 &hellip; <\/div><\/li>\n<li><a class=\"wp-block-latest-posts__post-title\" href=\"https:\/\/nord.humanwirtschaftspartei.de\/?p=22193\">1. Ausgabe von &#8222;Frei Sozial Umweltfreundlich&#8220; erschienen; neue T-Hemden fertig; Infostand in Geesthacht &#8230;<\/a><div class=\"wp-block-latest-posts__post-author\">von Redaktion Nord<\/div><time datetime=\"2025-08-05T14:17:51+02:00\" class=\"wp-block-latest-posts__post-date\">5. August 2025<\/time><div class=\"wp-block-latest-posts__post-excerpt\">Im Juli erblickte die erste Ausgabe des kleinen Infoblattes &#8222;Frei Sozial Umweltfreundlich&#8220; der Humanwirtschaftspartei Nord das Licht der Welt. Auf vier Seiten wird kurz die &hellip; <\/div><\/li>\n<li><a class=\"wp-block-latest-posts__post-title\" href=\"https:\/\/nord.humanwirtschaftspartei.de\/?p=22177\">Infostand in Geesthacht (Schleswig-Holstein \/ Kreis Herzogtum Lauenburg)<\/a><div class=\"wp-block-latest-posts__post-author\">von Redaktion Nord<\/div><time datetime=\"2025-07-15T14:07:04+02:00\" class=\"wp-block-latest-posts__post-date\">15. Juli 2025<\/time><div class=\"wp-block-latest-posts__post-excerpt\">Am Freitag den 18. Juli, von 14:00 &#8211; 17:00 Uhr, m\u00f6chte die HUMANWIRTSCHAFTSPARTEI Nord in Geesthacht (Fu\u00dfg\u00e4ngerzone Bergedorfer Str. \/ Ecke Nelkenstr.) f\u00fcr die Partei &hellip; <\/div><\/li>\n<li><a class=\"wp-block-latest-posts__post-title\" href=\"https:\/\/nord.humanwirtschaftspartei.de\/?p=22126\">Elon Musk&#8217;s Milliarden<\/a><div class=\"wp-block-latest-posts__post-author\">von Redaktion Nord<\/div><time datetime=\"2025-06-06T12:09:05+02:00\" class=\"wp-block-latest-posts__post-date\">6. Juni 2025<\/time><div class=\"wp-block-latest-posts__post-excerpt\">Das Gesamtverm\u00f6gen des Unternehmers Elon Musk wird derzeit auf rund 420 Milliarden Euro* gesch\u00e4tzt. Machte er dies zu Geld und legte es mit einer Verzinsung &hellip; <\/div><\/li>\n<li><a class=\"wp-block-latest-posts__post-title\" href=\"https:\/\/nord.humanwirtschaftspartei.de\/?p=22325\">Freiwirtschaft<\/a><div class=\"wp-block-latest-posts__post-author\">von Web Master<\/div><time datetime=\"2025-06-01T17:31:00+02:00\" class=\"wp-block-latest-posts__post-date\">1. Juni 2025<\/time><div class=\"wp-block-latest-posts__post-excerpt\">Die Freiwirtschaft ist ein Wirtschaftsmodell, das von Silvio Gesell, einem deutsch-argentinischen Kaufmann, Landwirt und volkswirtschaftlichen Autodidakten, im Wesentlichen zwischen 1891 und 1916 entwickelt worden ist. &hellip; <\/div><\/li>\n<li><a class=\"wp-block-latest-posts__post-title\" href=\"https:\/\/nord.humanwirtschaftspartei.de\/?p=21963\">Wieso akratische Partei<\/a><div class=\"wp-block-latest-posts__post-author\">von Web Master<\/div><time datetime=\"2025-05-15T12:30:22+02:00\" class=\"wp-block-latest-posts__post-date\">15. Mai 2025<\/time><div class=\"wp-block-latest-posts__post-excerpt\">(Dieser Beitrag wurde von der Webseite der HUMANwirtschaftspartei \u00fcbernommen) Im Titelbild der Webseite der Humanwirtschaftspartei erscheint per Zufallsgenerator von Zeit zu Zeit die Untertitelzeile \u201eAkratische &hellip; <\/div><\/li>\n<li><a class=\"wp-block-latest-posts__post-title\" href=\"https:\/\/nord.humanwirtschaftspartei.de\/?p=22161\">Die 5 L\u00fcgen der Zinsnehmer<\/a><div class=\"wp-block-latest-posts__post-author\">von Web Master<\/div><time datetime=\"2025-05-06T20:49:00+02:00\" class=\"wp-block-latest-posts__post-date\">6. Mai 2025<\/time><div class=\"wp-block-latest-posts__post-excerpt\">(Dieser Beitrag wurde von der Webseite der HUMANwirtschaftspartei \u00fcbernommen) Reblog# Mit welchen Argumenten die Rentiers ihre enormen Reicht\u00fcmer rechtfertigen von Guy Standing Wir leben im &hellip; <\/div><\/li>\n<li><a class=\"wp-block-latest-posts__post-title\" href=\"https:\/\/nord.humanwirtschaftspartei.de\/?p=21814\">Flugblattverteilung in der Iltener Freie<\/a><div class=\"wp-block-latest-posts__post-author\">von Redaktion Nord<\/div><time datetime=\"2024-08-28T07:56:11+02:00\" class=\"wp-block-latest-posts__post-date\">28. August 2024<\/time><div class=\"wp-block-latest-posts__post-excerpt\">Um nach l\u00e4ngerer Zeit einmal wieder im Raum Hannover auf sich aufmerksam zu machen, wurden in der historischen Iltener Freie, auch als Gro\u00dfes Freies bezeichnet, &hellip; <\/div><\/li>\n<li><a class=\"wp-block-latest-posts__post-title\" href=\"https:\/\/nord.humanwirtschaftspartei.de\/?p=21199\">Gem\u00fctliches Beisammensein in Hamburg<\/a><div class=\"wp-block-latest-posts__post-author\">von Redaktion Nord<\/div><time datetime=\"2023-12-29T10:37:13+01:00\" class=\"wp-block-latest-posts__post-date\">29. Dezember 2023<\/time><div class=\"wp-block-latest-posts__post-excerpt\">Am 11. November 2023 trafen sich Mitglieder der Humanwirtschaftspartei aus Hamburg und Sachsen-Anhalt zu selbstgebackenen Kuchen mit Kaffee und Tee in Hamburg &#8211; Bahrenfeld. Der &hellip; <\/div><\/li>\n<li><a class=\"wp-block-latest-posts__post-title\" href=\"https:\/\/nord.humanwirtschaftspartei.de\/?p=21189\">Zum 100. Geburtstages unseres Parteifreundes Heinz Schr\u00f6der in Wolfsburg<\/a><div class=\"wp-block-latest-posts__post-author\">von Redaktion Nord<\/div><time datetime=\"2023-12-08T12:28:18+01:00\" class=\"wp-block-latest-posts__post-date\">8. Dezember 2023<\/time><div class=\"wp-block-latest-posts__post-excerpt\">Aus Anlass des 100. Geburtstags sowie der langj\u00e4hrigen Mitgliedschaft unseres Parteifreundes Heinz Schr\u00f6der stattete ihm u. a die damalige Gesch\u00e4ftsstellenleitung am 16. Juli 2023 einen &hellip; <\/div><\/li>\n<li><a class=\"wp-block-latest-posts__post-title\" href=\"https:\/\/nord.humanwirtschaftspartei.de\/?p=20788\">Helmut Bein  &#8212; RiP<\/a><div class=\"wp-block-latest-posts__post-author\">von Web Master<\/div><time datetime=\"2022-12-30T20:37:00+01:00\" class=\"wp-block-latest-posts__post-date\">30. Dezember 2022<\/time><div class=\"wp-block-latest-posts__post-excerpt\">Das habe ich noch nievorher versucht,also bin ich v\u00f6llig sicher,dass ich es schaffe. Am 21.12.2022 ist ein Hamburger Urgestein der HUMANwirtschaftspartei f\u00fcr immer von uns &hellip; <\/div><\/li>\n<\/ul>","protected":false},"excerpt":{"rendered":"","protected":false},"author":5,"featured_media":0,"parent":0,"menu_order":0,"comment_status":"closed","ping_status":"closed","template":"","meta":{"rop_custom_images_group":[],"rop_custom_messages_group":[],"rop_publish_now":"initial","rop_publish_now_accounts":{"facebook_122115628364863413_100366425223093":""},"rop_publish_now_history":[],"rop_publish_now_status":"pending","footnotes":""},"class_list":["post-21821","page","type-page","status-publish","hentry"],"_links":{"self":[{"href":"https:\/\/nord.humanwirtschaftspartei.de\/index.php?rest_route=\/wp\/v2\/pages\/21821","targetHints":{"allow":["GET"]}}],"collection":[{"href":"https:\/\/nord.humanwirtschaftspartei.de\/index.php?rest_route=\/wp\/v2\/pages"}],"about":[{"href":"https:\/\/nord.humanwirtschaftspartei.de\/index.php?rest_route=\/wp\/v2\/types\/page"}],"author":[{"embeddable":true,"href":"https:\/\/nord.humanwirtschaftspartei.de\/index.php?rest_route=\/wp\/v2\/users\/5"}],"replies":[{"embeddable":true,"href":"https:\/\/nord.humanwirtschaftspartei.de\/index.php?rest_route=%2Fwp%2Fv2%2Fcomments&post=21821"}],"version-history":[{"count":2,"href":"https:\/\/nord.humanwirtschaftspartei.de\/index.php?rest_route=\/wp\/v2\/pages\/21821\/revisions"}],"predecessor-version":[{"id":21872,"href":"https:\/\/nord.humanwirtschaftspartei.de\/index.php?rest_route=\/wp\/v2\/pages\/21821\/revisions\/21872"}],"wp:attachment":[{"href":"https:\/\/nord.humanwirtschaftspartei.de\/index.php?rest_route=%2Fwp%2Fv2%2Fmedia&parent=21821"}],"curies":[{"name":"wp","href":"https:\/\/api.w.org\/{rel}","templated":true}]}}